{"id":2116,"date":"2011-03-01T20:41:40","date_gmt":"2011-03-01T19:41:40","guid":{"rendered":"http:\/\/www.workshop.ch\/openmind\/?page_id=2116"},"modified":"2011-03-01T20:43:59","modified_gmt":"2011-03-01T19:43:59","slug":"kontakt","status":"publish","type":"page","link":"https:\/\/www.workshop.ch\/openmind\/kontakt\/","title":{"rendered":"Kontakt"},"content":{"rendered":"<p>F\u00fcr Kommentare zu einzelnen Blog-Artikeln benutzen Sie bitte nach M\u00f6glichkeit das Kommentarformular.<\/p>\n<p>F\u00fcr alle anderen Anfragen an den Autor steht Ihnen das nachfolgende Kontaktformular zur Verf\u00fcgung.<\/p>\n\n<div class=\"wpcf7 no-js\" id=\"wpcf7-f2345-o1\" lang=\"en-US\" dir=\"ltr\" data-wpcf7-id=\"2345\">\n<div class=\"screen-reader-response\"><p role=\"status\" aria-live=\"polite\" aria-atomic=\"true\"><\/p> <ul><\/ul><\/div>\n<form action=\"\/openmind\/wp-json\/wp\/v2\/pages\/2116#wpcf7-f2345-o1\" method=\"post\" class=\"wpcf7-form init\" aria-label=\"Contact form\" novalidate=\"novalidate\" data-status=\"init\">\n<fieldset class=\"hidden-fields-container\"><input type=\"hidden\" name=\"_wpcf7\" value=\"2345\" \/><input type=\"hidden\" name=\"_wpcf7_version\" value=\"6.1.5\" \/><input type=\"hidden\" name=\"_wpcf7_locale\" value=\"en_US\" \/><input type=\"hidden\" name=\"_wpcf7_unit_tag\" value=\"wpcf7-f2345-o1\" \/><input type=\"hidden\" name=\"_wpcf7_container_post\" value=\"0\" \/><input type=\"hidden\" name=\"_wpcf7_posted_data_hash\" value=\"\" \/>\n<\/fieldset>\n<p>Ihr Vorname *\n<\/p>\n<p><span class=\"wpcf7-form-control-wrap\" data-name=\"your-firstname\"><input size=\"40\" maxlength=\"400\" class=\"wpcf7-form-control wpcf7-text wpcf7-validates-as-required\" aria-required=\"true\" aria-invalid=\"false\" value=\"\" type=\"text\" name=\"your-firstname\" \/><\/span>\n<\/p>\n<p>Ihr Name *\n<\/p>\n<p><span class=\"wpcf7-form-control-wrap\" data-name=\"your-lastname\"><input size=\"40\" maxlength=\"400\" class=\"wpcf7-form-control wpcf7-text wpcf7-validates-as-required\" aria-required=\"true\" aria-invalid=\"false\" value=\"\" type=\"text\" name=\"your-lastname\" \/><\/span>\n<\/p>\n<p>Ihre E-Mail *\n<\/p>\n<p><span class=\"wpcf7-form-control-wrap\" data-name=\"your-email\"><input size=\"40\" maxlength=\"400\" class=\"wpcf7-form-control wpcf7-email wpcf7-validates-as-required wpcf7-text wpcf7-validates-as-email\" aria-required=\"true\" aria-invalid=\"false\" value=\"\" type=\"email\" name=\"your-email\" \/><\/span>\n<\/p>\n<p>Betreff *\n<\/p>\n<p><span class=\"wpcf7-form-control-wrap\" data-name=\"your-subject\"><input size=\"40\" maxlength=\"400\" class=\"wpcf7-form-control wpcf7-text wpcf7-validates-as-required\" aria-required=\"true\" aria-invalid=\"false\" value=\"\" type=\"text\" name=\"your-subject\" \/><\/span>\n<\/p>\n<p>Ihre Nachricht *\n<\/p>\n<p><span class=\"wpcf7-form-control-wrap\" data-name=\"your-message\"><textarea cols=\"40\" rows=\"10\" maxlength=\"2000\" class=\"wpcf7-form-control wpcf7-textarea wpcf7-validates-as-required\" aria-required=\"true\" aria-invalid=\"false\" name=\"your-message\"><\/textarea><\/span>\n<\/p>\n<p>Spam-Schutz *\n<\/p>\n<p><em>Bitte geben Sie die folgenden 4 Zeichen in das nachfolgende Feld ein.<\/em><br \/>\n<input type=\"hidden\" name=\"_wpcf7_captcha_challenge_captcha-396\" value=\"1341867557\" \/><img loading=\"lazy\" decoding=\"async\" class=\"wpcf7-form-control wpcf7-captchac wpcf7-captcha-captcha-396\" width=\"72\" height=\"24\" alt=\"captcha\" src=\"https:\/\/www.workshop.ch\/openmind\/wp-content\/uploads\/wpcf7_captcha\/1341867557.png\" \/>\n<\/p>\n<p><span class=\"wpcf7-form-control-wrap\" data-name=\"captcha-396\"><input size=\"40\" class=\"wpcf7-form-control wpcf7-captchar\" autocomplete=\"off\" aria-invalid=\"false\" value=\"\" type=\"text\" name=\"captcha-396\" \/><\/span>\n<\/p>\n<p><span class=\"wpcf7-form-control-wrap\" data-name=\"accept-privacy-policy\"><span class=\"wpcf7-form-control wpcf7-checkbox wpcf7-validates-as-required\"><span class=\"wpcf7-list-item first last\"><input type=\"checkbox\" name=\"accept-privacy-policy[]\" value=\"Ich verstehe und akzeptiere die Datenschutzerkl\u00e4rung. *\" \/><span class=\"wpcf7-list-item-label\">Ich verstehe und akzeptiere die Datenschutzerkl\u00e4rung. *<\/span><\/span><\/span><\/span> (<a href='https:\/\/www.workshop.ch\/openmind\/datenschutz\/' target='_blank'>Datenschutzerkl\u00e4rung anzeigen<\/a>)\n<\/p>\n<p><input class=\"wpcf7-form-control wpcf7-submit has-spinner\" type=\"submit\" value=\"Senden\" \/>\n<\/p><p style=\"display: none !important;\" class=\"akismet-fields-container\" data-prefix=\"_wpcf7_ak_\"><label>&#916;<textarea name=\"_wpcf7_ak_hp_textarea\" cols=\"45\" rows=\"8\" maxlength=\"100\"><\/textarea><\/label><input type=\"hidden\" id=\"ak_js_1\" name=\"_wpcf7_ak_js\" value=\"180\"\/><script>\ndocument.getElementById( \"ak_js_1\" ).setAttribute( \"value\", ( new Date() ).getTime() );\n<\/script>\n<\/p><div class=\"wpcf7-response-output\" aria-hidden=\"true\"><\/div>\n<\/form>\n<\/div>\n\n<p>&nbsp;<\/p>\n<!--CusAds0-->\n<div style=\"font-size: 0px; height: 0px; line-height: 0px; margin: 0; padding: 0; clear: both;\"><\/div>","protected":false},"excerpt":{"rendered":"<p>F\u00fcr Kommentare zu einzelnen Blog-Artikeln benutzen Sie bitte nach M\u00f6glichkeit das Kommentarformular. F\u00fcr alle anderen Anfragen an den Autor steht Ihnen das nachfolgende Kontaktformular zur Verf\u00fcgung. &nbsp;<\/p>\n","protected":false},"author":3,"featured_media":0,"parent":0,"menu_order":0,"comment_status":"closed","ping_status":"closed","template":"","meta":{"generate_page_header":"","footnotes":""},"class_list":["post-2116","page","type-page","status-publish"],"yoast_head":"<!-- This site is optimized with the Yoast SEO plugin v27.6 - https:\/\/yoast.com\/product\/yoast-seo-wordpress\/ -->\n<title>Kontakt - Open Mind<\/title>\n<meta name=\"robots\" content=\"index, follow, max-snippet:-1, max-image-preview:large, max-video-preview:-1\" \/>\n<link rel=\"canonical\" href=\"https:\/\/www.workshop.ch\/openmind\/kontakt\/\" \/>\n<meta property=\"og:locale\" content=\"de_DE\" \/>\n<meta property=\"og:type\" content=\"article\" \/>\n<meta property=\"og:title\" content=\"Kontakt - Open Mind\" \/>\n<meta property=\"og:description\" content=\"F\u00fcr Kommentare zu einzelnen Blog-Artikeln benutzen Sie bitte nach M\u00f6glichkeit das Kommentarformular. F\u00fcr alle anderen Anfragen an den Autor steht Ihnen das nachfolgende Kontaktformular zur Verf\u00fcgung. &nbsp;\" \/>\n<meta property=\"og:url\" content=\"https:\/\/www.workshop.ch\/openmind\/kontakt\/\" \/>\n<meta property=\"og:site_name\" content=\"Open Mind\" \/>\n<meta property=\"article:modified_time\" content=\"2011-03-01T19:43:59+00:00\" \/>\n<meta name=\"twitter:card\" content=\"summary_large_image\" \/>\n<script type=\"application\/ld+json\" class=\"yoast-schema-graph\">{\"@context\":\"https:\\\/\\\/schema.org\",\"@graph\":[{\"@type\":\"WebPage\",\"@id\":\"https:\\\/\\\/www.workshop.ch\\\/openmind\\\/kontakt\\\/\",\"url\":\"https:\\\/\\\/www.workshop.ch\\\/openmind\\\/kontakt\\\/\",\"name\":\"Kontakt - Open Mind\",\"isPartOf\":{\"@id\":\"https:\\\/\\\/www.workshop.ch\\\/openmind\\\/#website\"},\"datePublished\":\"2011-03-01T19:41:40+00:00\",\"dateModified\":\"2011-03-01T19:43:59+00:00\",\"breadcrumb\":{\"@id\":\"https:\\\/\\\/www.workshop.ch\\\/openmind\\\/kontakt\\\/#breadcrumb\"},\"inLanguage\":\"de-CH\",\"potentialAction\":[{\"@type\":\"ReadAction\",\"target\":[\"https:\\\/\\\/www.workshop.ch\\\/openmind\\\/kontakt\\\/\"]}]},{\"@type\":\"BreadcrumbList\",\"@id\":\"https:\\\/\\\/www.workshop.ch\\\/openmind\\\/kontakt\\\/#breadcrumb\",\"itemListElement\":[{\"@type\":\"ListItem\",\"position\":1,\"name\":\"Home\",\"item\":\"https:\\\/\\\/www.workshop.ch\\\/openmind\\\/\"},{\"@type\":\"ListItem\",\"position\":2,\"name\":\"Kontakt\"}]},{\"@type\":\"WebSite\",\"@id\":\"https:\\\/\\\/www.workshop.ch\\\/openmind\\\/#website\",\"url\":\"https:\\\/\\\/www.workshop.ch\\\/openmind\\\/\",\"name\":\"Open Mind\",\"description\":\"Open Source &amp; Open Content\",\"potentialAction\":[{\"@type\":\"SearchAction\",\"target\":{\"@type\":\"EntryPoint\",\"urlTemplate\":\"https:\\\/\\\/www.workshop.ch\\\/openmind\\\/?s={search_term_string}\"},\"query-input\":{\"@type\":\"PropertyValueSpecification\",\"valueRequired\":true,\"valueName\":\"search_term_string\"}}],\"inLanguage\":\"de-CH\"}]}<\/script>\n<!-- \/ Yoast SEO plugin. -->","yoast_head_json":{"title":"Kontakt - Open Mind","robots":{"index":"index","follow":"follow","max-snippet":"max-snippet:-1","max-image-preview":"max-image-preview:large","max-video-preview":"max-video-preview:-1"},"canonical":"https:\/\/www.workshop.ch\/openmind\/kontakt\/","og_locale":"de_DE","og_type":"article","og_title":"Kontakt - Open Mind","og_description":"F\u00fcr Kommentare zu einzelnen Blog-Artikeln benutzen Sie bitte nach M\u00f6glichkeit das Kommentarformular. F\u00fcr alle anderen Anfragen an den Autor steht Ihnen das nachfolgende Kontaktformular zur Verf\u00fcgung. &nbsp;","og_url":"https:\/\/www.workshop.ch\/openmind\/kontakt\/","og_site_name":"Open Mind","article_modified_time":"2011-03-01T19:43:59+00:00","twitter_card":"summary_large_image","schema":{"@context":"https:\/\/schema.org","@graph":[{"@type":"WebPage","@id":"https:\/\/www.workshop.ch\/openmind\/kontakt\/","url":"https:\/\/www.workshop.ch\/openmind\/kontakt\/","name":"Kontakt - Open Mind","isPartOf":{"@id":"https:\/\/www.workshop.ch\/openmind\/#website"},"datePublished":"2011-03-01T19:41:40+00:00","dateModified":"2011-03-01T19:43:59+00:00","breadcrumb":{"@id":"https:\/\/www.workshop.ch\/openmind\/kontakt\/#breadcrumb"},"inLanguage":"de-CH","potentialAction":[{"@type":"ReadAction","target":["https:\/\/www.workshop.ch\/openmind\/kontakt\/"]}]},{"@type":"BreadcrumbList","@id":"https:\/\/www.workshop.ch\/openmind\/kontakt\/#breadcrumb","itemListElement":[{"@type":"ListItem","position":1,"name":"Home","item":"https:\/\/www.workshop.ch\/openmind\/"},{"@type":"ListItem","position":2,"name":"Kontakt"}]},{"@type":"WebSite","@id":"https:\/\/www.workshop.ch\/openmind\/#website","url":"https:\/\/www.workshop.ch\/openmind\/","name":"Open Mind","description":"Open Source &amp; Open Content","potentialAction":[{"@type":"SearchAction","target":{"@type":"EntryPoint","urlTemplate":"https:\/\/www.workshop.ch\/openmind\/?s={search_term_string}"},"query-input":{"@type":"PropertyValueSpecification","valueRequired":true,"valueName":"search_term_string"}}],"inLanguage":"de-CH"}]}},"_links":{"self":[{"href":"https:\/\/www.workshop.ch\/openmind\/wp-json\/wp\/v2\/pages\/2116","targetHints":{"allow":["GET"]}}],"collection":[{"href":"https:\/\/www.workshop.ch\/openmind\/wp-json\/wp\/v2\/pages"}],"about":[{"href":"https:\/\/www.workshop.ch\/openmind\/wp-json\/wp\/v2\/types\/page"}],"author":[{"embeddable":true,"href":"https:\/\/www.workshop.ch\/openmind\/wp-json\/wp\/v2\/users\/3"}],"replies":[{"embeddable":true,"href":"https:\/\/www.workshop.ch\/openmind\/wp-json\/wp\/v2\/comments?post=2116"}],"version-history":[{"count":4,"href":"https:\/\/www.workshop.ch\/openmind\/wp-json\/wp\/v2\/pages\/2116\/revisions"}],"predecessor-version":[{"id":2120,"href":"https:\/\/www.workshop.ch\/openmind\/wp-json\/wp\/v2\/pages\/2116\/revisions\/2120"}],"wp:attachment":[{"href":"https:\/\/www.workshop.ch\/openmind\/wp-json\/wp\/v2\/media?parent=2116"}],"curies":[{"name":"wp","href":"https:\/\/api.w.org\/{rel}","templated":true}]}}